{"id":709,"date":"2020-05-22T22:01:11","date_gmt":"2020-05-22T20:01:11","guid":{"rendered":"https:\/\/smi-drulingen.fr\/mentions-legales\/"},"modified":"2021-03-25T11:23:48","modified_gmt":"2021-03-25T10:23:48","slug":"mentions-legales","status":"publish","type":"page","link":"https:\/\/smi-drulingen.fr\/en\/mentions-legales\/","title":{"rendered":"Mentions l\u00e9gales"},"content":{"rendered":"\n<h2>Informations l\u00e9gales<\/h2>\n\n\n\n<h3><br>1. Pr\u00e9sentation du site.<\/h3>\n\n\n\n<p>En vertu de l&#8217;article 6 de la loi n\u00b0 2004-575 du 21 juin 2004 pour la confiance dans l&#8217;\u00e9conomie num\u00e9rique, il est pr\u00e9cis\u00e9 aux utilisateurs du site <a rel=\"noreferrer noopener\" href=\"http:\/\/www.smi-drulingen.fr\/\" target=\"_blank\" class=\"rank-math-link\">www.smi-drulingen.fr<\/a> l&#8217;identit\u00e9 des diff\u00e9rents intervenants dans le cadre de sa r\u00e9alisation et de son suivi:<\/p>\n\n\n\n<p><strong>Propri\u00e9taire<\/strong> :<br>SMI Drulingen<br>S.A.S &#8211; 82525620900032<br>2A Rue de Sarreguemines 67320 DRULINGEN<br>Capital social : 1 500 000\u20ac<\/p>\n\n\n\n<p>N\u00b0 de TVA intracommunautaire : FR03&nbsp;825&nbsp;256 209<\/p>\n\n\n\n<p>Mail : smi@smi-drulingen.fr<\/p>\n\n\n\n<p>T\u00e9l\u00e9phone : 03 88 01 69 00<\/p>\n\n\n\n<p>Index \u00e9galit\u00e9 professionnelle : non-calculable. <\/p>\n\n\n\n<p><strong>Cr\u00e9atrice<\/strong>&nbsp;: <a aria-label=\"Coralie Bach (opens in a new tab)\" href=\"http:\/\/coraliebach.fr\" target=\"_blank\" rel=\"noreferrer noopener\" class=\"rank-math-link\">Coralie Bach<\/a><\/p>\n\n\n\n<p><strong>Responsable publication<\/strong> : S\u00e9bastien BACH \u2013&nbsp;<a rel=\"noreferrer noopener\" href=\"mailto:sbach@smi-drulingen.fr\" target=\"_blank\">sbach@smi-drulingen.fr<\/a><br>Le responsable publication est une personne physique.<\/p>\n\n\n\n<p><strong>Webmaster<\/strong> : Fabrice JUNG \u2013&nbsp;<a rel=\"noreferrer noopener\" href=\"mailto:fjung@smi-drulingen.fr\" target=\"_blank\">fjung@smi-drulingen.fr<\/a><\/p>\n\n\n\n<p><strong>H\u00e9bergeur<\/strong> :<br>IONOS \u2013 1&amp;1 IONOS SARL<br>7, place de la Gare<br>BP 70109&nbsp;<br>57200 Sarreguemines<br>Tel :  09 70 80 89 11 <\/p>\n\n\n\n<p>Maison m\u00e8re : <\/p>\n\n\n\n<p>IONOS cloud Elgendorfer Str. 57<br>56410 Montabaur, Allemagne<\/p>\n\n\n\n<p>Tel : +49 30 57700 850<\/p>\n\n\n\n<p><strong>Cr\u00e9dits <\/strong>:<\/p>\n\n\n\n<p><em>R\u00e9dacteur <\/em>: S\u00e9bastien BACH<br><em>Photographe<\/em> : S\u00e9bastien BACH<br><em>Administrateur technique<\/em> : Fabrice JUNG<\/p>\n\n\n\n<p>Le mod\u00e8le de mentions l\u00e9gales est g\u00e9n\u00e9r\u00e9 par Subdelirium.com <a aria-label=\"G\u00e9n\u00e9rateur de mentions l\u00e9gales (opens in a new tab)\" rel=\"noreferrer noopener\" href=\"https:\/\/www.subdelirium.com\/generateur-de-mentions-legales\/\" target=\"_blank\" class=\"rank-math-link\">G\u00e9n\u00e9rateur de mentions l\u00e9gales<\/a><\/p>\n\n\n\n<h3>2. Conditions g\u00e9n\u00e9rales d\u2019utilisation du site et des services propos\u00e9s.<\/h3>\n\n\n\n<p>L\u2019utilisation du site <a rel=\"noreferrer noopener\" href=\"http:\/\/www.smi-drulingen.fr\/\" target=\"_blank\">www.smi-drulingen.fr<\/a> implique l\u2019acceptation pleine et enti\u00e8re des conditions g\u00e9n\u00e9rales d\u2019utilisation ci-apr\u00e8s d\u00e9crites. Ces conditions d\u2019utilisation sont susceptibles d\u2019\u00eatre modifi\u00e9es ou compl\u00e9t\u00e9es \u00e0 tout moment, les utilisateurs du site <a rel=\"noreferrer noopener\" href=\"http:\/\/www.smi-drulingen.fr\/\" target=\"_blank\" class=\"rank-math-link\">www.smi-drulingen.fr<\/a> sont donc invit\u00e9s \u00e0 les consulter de mani\u00e8re r\u00e9guli\u00e8re.<\/p>\n\n\n\n<p>Ce site est normalement accessible \u00e0 tout moment aux utilisateurs. Une interruption pour raison de maintenance technique peut \u00eatre toutefois d\u00e9cid\u00e9e par SMI Drulingen, qui s\u2019efforcera alors de communiquer pr\u00e9alablement aux utilisateurs les dates et heures de l\u2019intervention.<\/p>\n\n\n\n<p>Le site <a rel=\"noreferrer noopener\" href=\"http:\/\/www.smi-drulingen.fr\/\" target=\"_blank\" class=\"rank-math-link\">www.smi-drulingen.fr<\/a> est mis \u00e0 jour r\u00e9guli\u00e8rement par S\u00e9bastien BACH. De la m\u00eame fa\u00e7on, les mentions l\u00e9gales peuvent \u00eatre modifi\u00e9es \u00e0 tout moment : elles s\u2019imposent n\u00e9anmoins \u00e0 l\u2019utilisateur qui est invit\u00e9 \u00e0 s\u2019y r\u00e9f\u00e9rer le plus souvent possible afin d\u2019en prendre connaissance.<\/p>\n\n\n\n<h3>3. Description des services fournis.<\/h3>\n\n\n\n<p>Le site <a rel=\"noreferrer noopener\" href=\"http:\/\/www.smi-drulingen.fr\/\" target=\"_blank\" class=\"rank-math-link\">www.smi-drulingen.fr<\/a> a pour objet de fournir une information concernant l\u2019ensemble des activit\u00e9s de la soci\u00e9t\u00e9.<\/p>\n\n\n\n<p>SMI Drulingen s\u2019efforce de fournir sur le site <a rel=\"noreferrer noopener\" href=\"http:\/\/www.smi-drulingen.fr\/\" target=\"_blank\">www.smi-drulingen.fr<\/a> des informations aussi pr\u00e9cises que possible. Toutefois, il ne pourra \u00eatre tenue responsable des omissions, des inexactitudes et des carences dans la mise \u00e0 jour, qu\u2019elles soient de son fait ou du fait des tiers partenaires qui lui fournissent ces informations.<\/p>\n\n\n\n<p>Tous les informations indiqu\u00e9es sur le site <a rel=\"noreferrer noopener\" href=\"http:\/\/www.smi-drulingen.fr\/\" target=\"_blank\">www.smi-drulingen.fr<\/a> sont donn\u00e9es \u00e0 titre indicatif, et sont susceptibles d\u2019\u00e9voluer. Par ailleurs, les renseignements figurant sur le site <a rel=\"noreferrer noopener\" href=\"http:\/\/www.smi-drulingen.fr\/\" target=\"_blank\">www.smi-drulingen.fr<\/a> ne sont pas exhaustifs. Ils sont donn\u00e9s sous r\u00e9serve de modifications ayant \u00e9t\u00e9 apport\u00e9es depuis leur mise en ligne.<\/p>\n\n\n\n<h3>4. Limitations contractuelles sur les donn\u00e9es techniques.<\/h3>\n\n\n\n<p>Le site utilise la technologie JavaScript.<\/p>\n\n\n\n<p>Le site <a rel=\"noreferrer noopener\" href=\"http:\/\/www.smi-drulingen.fr\/\" target=\"_blank\">www.smi-drulingen.fr<\/a> ne pourra \u00eatre tenu responsable de dommages mat\u00e9riels li\u00e9s \u00e0 l\u2019utilisation du site. De plus, l\u2019utilisateur du site s\u2019engage \u00e0 acc\u00e9der au site en utilisant un mat\u00e9riel r\u00e9cent, ne contenant pas de virus et avec un navigateur de derni\u00e8re g\u00e9n\u00e9ration mis-\u00e0-jour<\/p>\n\n\n\n<h3><br>5. Propri\u00e9t\u00e9 intellectuelle et contrefa\u00e7ons.<\/h3>\n\n\n\n<p>SMI Drulingen est propri\u00e9taire des droits de propri\u00e9t\u00e9 intellectuelle ou d\u00e9tient les droits d\u2019usage sur tous les \u00e9l\u00e9ments accessibles sur le site, notamment les textes, images, graphismes, logo, ic\u00f4nes, sons, logiciels.<\/p>\n\n\n\n<p>Toute reproduction, repr\u00e9sentation, modification, publication, adaptation de tout ou partie des \u00e9l\u00e9ments du site, quel que soit le moyen ou le proc\u00e9d\u00e9 utilis\u00e9, est interdite, sauf autorisation \u00e9crite pr\u00e9alable de : SMI Drulingen.<\/p>\n\n\n\n<p>Toute exploitation non autoris\u00e9e du site ou de l\u2019un quelconque des \u00e9l\u00e9ments qu\u2019il contient sera consid\u00e9r\u00e9e comme constitutive d\u2019une contrefa\u00e7on et poursuivie conform\u00e9ment aux dispositions des articles L.335-2 et suivants du Code de Propri\u00e9t\u00e9 Intellectuelle.<\/p>\n\n\n\n<h3>6. Limitations de responsabilit\u00e9.<\/h3>\n\n\n\n<p>SMI Drulingen ne pourra \u00eatre tenue responsable des dommages directs et indirects caus\u00e9s au mat\u00e9riel de l\u2019utilisateur, lors de l\u2019acc\u00e8s au site&nbsp;<a rel=\"noreferrer noopener\" href=\"http:\/\/www.smi-drulingen.fr\/\" target=\"_blank\">www.smi-drulingen.fr<\/a>, et r\u00e9sultant soit de l\u2019utilisation d\u2019un mat\u00e9riel ne r\u00e9pondant pas aux sp\u00e9cifications indiqu\u00e9es au point 4, soit de l\u2019apparition d\u2019un bug ou d\u2019une incompatibilit\u00e9.<\/p>\n\n\n\n<p>SMI Drulingen ne pourra \u00e9galement \u00eatre tenue responsable des dommages indirects (tels par exemple qu\u2019une perte de march\u00e9 ou perte d\u2019une chance) cons\u00e9cutifs \u00e0 l\u2019utilisation du site <a rel=\"noreferrer noopener\" href=\"http:\/\/www.smi-drulingen.fr\/\" target=\"_blank\" class=\"rank-math-link\">www.smi-drulingen.fr<\/a>.<\/p>\n\n\n\n<p>Des espaces interactifs (possibilit\u00e9 de poser des questions dans l\u2019espace contact) sont \u00e0 la disposition des utilisateurs. SMI Drulingen se r\u00e9serve le droit de supprimer, sans mise en demeure pr\u00e9alable, tout contenu d\u00e9pos\u00e9 dans cet espace qui contreviendrait \u00e0 la l\u00e9gislation applicable en France, en particulier aux dispositions relatives \u00e0 la protection des donn\u00e9es. Le cas \u00e9ch\u00e9ant, SMI Drulingen se r\u00e9serve \u00e9galement la possibilit\u00e9 de mettre en cause la responsabilit\u00e9 civile et\/ou p\u00e9nale de l\u2019utilisateur, notamment en cas de message \u00e0 caract\u00e8re raciste, injurieux, diffamant, ou pornographique, quel que soit le support utilis\u00e9 (texte, photographie\u2026).<\/p>\n\n\n\n<h3>7. Gestion des donn\u00e9es personnelles.<\/h3>\n\n\n\n<p>En France, les donn\u00e9es personnelles sont notamment prot\u00e9g\u00e9es par la loi n\u00b0 78-87 du 6 janvier 1978 modifi\u00e9e, et le R\u00e8glement G\u00e9n\u00e9ral sur la Protection des Donn\u00e9es, n\u00b0 2016\/679 du 27 avril 2016.<\/p>\n\n\n\n<p>A l&#8217;occasion de l&#8217;utilisation du site <a rel=\"noreferrer noopener\" href=\"http:\/\/www.smi-drulingen.fr\/\" target=\"_blank\">www.smi-drulingen.fr<\/a>, sont recueillies par SMI Drulingen, \u00e0 des fins de gestion de la s\u00e9curit\u00e9 du site : l&#8217;URL des liens par l&#8217;interm\u00e9diaire desquels l&#8217;utilisateur a acc\u00e9d\u00e9 au site <a rel=\"noreferrer noopener\" href=\"http:\/\/www.smi-drulingen.fr\/\" target=\"_blank\">www.smi-drulingen.fr<\/a>, le fournisseur d&#8217;acc\u00e8s de l&#8217;utilisateur, l&#8217;adresse de protocole Internet (IP) de l&#8217;utilisateur.<\/p>\n\n\n\n<p>En tout \u00e9tat de cause SMI Drulingen ne collecte des informations personnelles relatives \u00e0 l&#8217;utilisateur que pour le besoin de certains services propos\u00e9s par le site <a rel=\"noreferrer noopener\" href=\"http:\/\/www.smi-drulingen.fr\/\" target=\"_blank\">www.smi-drulingen.fr<\/a> comme le formulaire de Contact ou la possibilit\u00e9 de candidater en ligne. L&#8217;utilisateur fournit ces informations en toute connaissance de cause, notamment lorsqu&#8217;il proc\u00e8de par lui-m\u00eame \u00e0 leur saisie. Il est alors pr\u00e9cis\u00e9 \u00e0 l&#8217;utilisateur du site <a rel=\"noreferrer noopener\" href=\"http:\/\/www.smi-drulingen.fr\/\" target=\"_blank\" class=\"rank-math-link\">www.smi-drulingen.fr<\/a> l\u2019obligation ou non de fournir ces informations, les finalit\u00e9s pour lesquelles elles sont collect\u00e9es et la base l\u00e9gale du traitement associ\u00e9.<\/p>\n\n\n\n<p>Conform\u00e9ment aux dispositions des articles 38 et suivants de la loi 78-17 du 6 janvier 1978 relative \u00e0 l\u2019informatique, aux fichiers et aux libert\u00e9s, tout utilisateur dispose d\u2019un droit d\u2019acc\u00e8s, et le cas \u00e9ch\u00e9ant, de rectification, d&#8217;effacement et\/ou de portabilit\u00e9 des donn\u00e9es personnelles le concernant ainsi qu&#8217;un droit d&#8217;opposition et \u00e0 la limitation du traitement, en effectuant sa demande \u00e9crite et sign\u00e9e \u00e0 l&#8217;adresse mail (smi@smi-drulingen.fr) ou postale (2A Rue de Sarreguemines 67320 DRULINGEN), accompagn\u00e9e d\u2019un justificatif d&#8217;identit\u00e9 avec signature du titulaire de la pi\u00e8ce, en pr\u00e9cisant l\u2019adresse \u00e0 laquelle la r\u00e9ponse doit \u00eatre envoy\u00e9e.<\/p>\n\n\n\n<p>Aucune information personnelle de l&#8217;utilisateur du site <a rel=\"noreferrer noopener\" href=\"http:\/\/www.smi-drulingen.fr\/\" target=\"_blank\" class=\"rank-math-link\">www.smi-drulingen.fr<\/a> n&#8217;est publi\u00e9e \u00e0 l&#8217;insu de l&#8217;utilisateur, \u00e9chang\u00e9e, transf\u00e9r\u00e9e, c\u00e9d\u00e9e ou vendue sur un support quelconque \u00e0 des tiers. Seule l&#8217;hypoth\u00e8se du rachat de SMI Drulingen et de ses droits permettrait la transmission des dites informations \u00e0 l&#8217;\u00e9ventuel acqu\u00e9reur qui serait \u00e0 son tour tenu de la m\u00eame obligation de conservation et de modification des donn\u00e9es vis \u00e0 vis de l&#8217;utilisateur du site <a rel=\"noreferrer noopener\" href=\"http:\/\/www.smi-drulingen.fr\/\" target=\"_blank\">www.smi-drulingen.fr<\/a>.<\/p>\n\n\n\n<p>Les bases de donn\u00e9es sont prot\u00e9g\u00e9es par les dispositions de la loi du 1er juillet 1998 transposant la directive 96\/9 du 11 mars 1996 relative \u00e0 la protection juridique des bases de donn\u00e9es.<\/p>\n\n\n\n<h3>8. Liens hypertextes et cookies.<\/h3>\n\n\n\n<p>Le site <a rel=\"noreferrer noopener\" href=\"http:\/\/www.smi-drulingen.fr\/\" target=\"_blank\">www.smi-drulingen.fr<\/a> contient un certain nombre de liens hypertextes vers d\u2019autres sites. Cependant, SMI Drulingen n\u2019a pas la possibilit\u00e9 de v\u00e9rifier le contenu des sites ainsi visit\u00e9s, et n\u2019assumera en cons\u00e9quence aucune responsabilit\u00e9 de ce fait.<\/p>\n\n\n\n<p>La navigation sur le site <a rel=\"noreferrer noopener\" href=\"http:\/\/www.smi-drulingen.fr\/\" target=\"_blank\">www.smi-drulingen.fr<\/a> est susceptible de provoquer l\u2019installation de cookie(s) sur l\u2019ordinateur de l\u2019utilisateur. Un cookie est un fichier de petite taille, qui ne permet pas l\u2019identification compl\u00e8te de l\u2019utilisateur, mais qui enregistre des informations relatives \u00e0 la navigation d\u2019un ordinateur sur un site. Les donn\u00e9es ainsi obtenues visent \u00e0 faciliter la navigation ult\u00e9rieure sur le site, et ont \u00e9galement vocation \u00e0 permettre diverses mesures de fr\u00e9quentation.<\/p>\n\n\n\n<p>Le refus d\u2019installation d\u2019un cookie peut entra\u00eener l\u2019impossibilit\u00e9 d\u2019acc\u00e9der \u00e0 certains services. L\u2019utilisateur peut toutefois configurer son ordinateur de la mani\u00e8re suivante, pour refuser l\u2019installation des cookies :<\/p>\n\n\n\n<p>Sous Internet Explorer : onglet outil (pictogramme en forme de rouage en haut a droite) \/ options internet. Cliquez sur Confidentialit\u00e9 et choisissez Bloquer tous les cookies. Validez sur Ok.Sous Firefox : en haut de la fen\u00eatre du navigateur, cliquez sur le bouton Firefox, puis aller dans l&#8217;onglet Options. Cliquer sur l&#8217;onglet Vie priv\u00e9e.<\/p>\n\n\n\n<p>Param\u00e9trez les R\u00e8gles de conservation sur :&nbsp; utiliser les param\u00e8tres personnalis\u00e9s pour l&#8217;historique. Enfin d\u00e9cochez-la pour&nbsp; d\u00e9sactiver les cookies.<\/p>\n\n\n\n<p>Sous Safari : Cliquez en haut \u00e0 droite du navigateur sur le pictogramme de menu (symbolis\u00e9 par un rouage). S\u00e9lectionnez Param\u00e8tres. Cliquez sur Afficher les param\u00e8tres avanc\u00e9s. Dans la section &#8220;Confidentialit\u00e9&#8221;, cliquez sur Param\u00e8tres de contenu. Dans la section &#8220;Cookies&#8221;, vous pouvez bloquer les cookies.<\/p>\n\n\n\n<p>Sous Chrome : Cliquez en haut \u00e0 droite du navigateur sur le pictogramme de menu (symbolis\u00e9 par trois lignes horizontales). S\u00e9lectionnez Param\u00e8tres. Cliquez sur Afficher les param\u00e8tres avanc\u00e9s. Dans la section &#8220;Confidentialit\u00e9&#8221;, cliquez sur pr\u00e9f\u00e9rences.&nbsp; Dans l&#8217;onglet &#8220;Confidentialit\u00e9&#8221;, vous pouvez bloquer les cookies.<\/p>\n\n\n\n<h3>9. Droit applicable et attribution de juridiction.<\/h3>\n\n\n\n<p>Tout litige en relation avec l\u2019utilisation du site <a rel=\"noreferrer noopener\" href=\"http:\/\/www.smi-drulingen.fr\/\" target=\"_blank\">www.smi-drulingen.fr<\/a> est soumis au droit fran\u00e7ais. Il est fait attribution exclusive de juridiction aux tribunaux comp\u00e9tents de Strasbourg.<\/p>\n\n\n\n<h3>10. Lexique.<\/h3>\n\n\n\n<p><em>Utilisateur <\/em>: Internaute se connectant, utilisant le site susnomm\u00e9.<br><em>Informations personnelles<\/em> : \u00abdonn\u00e9es \u00e0 caract\u00e8re personnel\u00bb, toute information se rapportant \u00e0 une personne physique identifi\u00e9e ou identifiable (ci-apr\u00e8s d\u00e9nomm\u00e9e \u00abpersonne concern\u00e9e\u00bb); est r\u00e9put\u00e9e \u00eatre une \u00abpersonne physique identifiable\u00bb une personne physique qui peut \u00eatre identifi\u00e9e, directement ou indirectement, notamment par r\u00e9f\u00e9rence \u00e0 un identifiant, tel qu&#8217;un nom, un num\u00e9ro d&#8217;identification, des donn\u00e9es de localisation, un identifiant en ligne, ou \u00e0 un ou plusieurs \u00e9l\u00e9ments sp\u00e9cifiques propres \u00e0 son identit\u00e9 physique, physiologique, g\u00e9n\u00e9tique, psychique, \u00e9conomique, culturelle ou sociale; (Art. 4 du RGPD)<\/p>\n","protected":false},"excerpt":{"rendered":"<p>Informations l\u00e9gales 1. Pr\u00e9sentation du site. En vertu de l&#8217;article 6 de la loi n\u00b0 2004-575 du 21 juin 2004 pour la confiance dans l&#8217;\u00e9conomie num\u00e9rique, il est pr\u00e9cis\u00e9 aux utilisateurs du site www.smi-drulingen.fr l&#8217;identit\u00e9 des diff\u00e9rents intervenants dans le cadre de sa r\u00e9alisation et de son suivi: Propri\u00e9taire :SMI DrulingenS.A.S &#8211; 825256209000322A Rue de [&hellip;]<\/p>\n","protected":false},"author":1,"featured_media":0,"parent":0,"menu_order":0,"comment_status":"closed","ping_status":"open","template":"","meta":[],"tags":[],"acf":[],"_links":{"self":[{"href":"https:\/\/smi-drulingen.fr\/en\/wp-json\/wp\/v2\/pages\/709"}],"collection":[{"href":"https:\/\/smi-drulingen.fr\/en\/wp-json\/wp\/v2\/pages"}],"about":[{"href":"https:\/\/smi-drulingen.fr\/en\/wp-json\/wp\/v2\/types\/page"}],"author":[{"embeddable":true,"href":"https:\/\/smi-drulingen.fr\/en\/wp-json\/wp\/v2\/users\/1"}],"replies":[{"embeddable":true,"href":"https:\/\/smi-drulingen.fr\/en\/wp-json\/wp\/v2\/comments?post=709"}],"version-history":[{"count":9,"href":"https:\/\/smi-drulingen.fr\/en\/wp-json\/wp\/v2\/pages\/709\/revisions"}],"predecessor-version":[{"id":1219,"href":"https:\/\/smi-drulingen.fr\/en\/wp-json\/wp\/v2\/pages\/709\/revisions\/1219"}],"wp:attachment":[{"href":"https:\/\/smi-drulingen.fr\/en\/wp-json\/wp\/v2\/media?parent=709"}],"wp:term":[{"taxonomy":"post_tag","embeddable":true,"href":"https:\/\/smi-drulingen.fr\/en\/wp-json\/wp\/v2\/tags?post=709"}],"curies":[{"name":"wp","href":"https:\/\/api.w.org\/{rel}","templated":true}]}}