{"id":610,"date":"2020-05-26T21:36:32","date_gmt":"2020-05-26T19:36:32","guid":{"rendered":"https:\/\/smi-drulingen.fr\/?page_id=610"},"modified":"2020-11-28T18:26:11","modified_gmt":"2020-11-28T17:26:11","slug":"konsultieren-sie-uns","status":"publish","type":"page","link":"https:\/\/smi-drulingen.fr\/de\/konsultieren-sie-uns\/","title":{"rendered":"Fragen Sie uns"},"content":{"rendered":"\n<p>Haben Sie eine Frage? Wir stehen Ihnen telefonisch, per E-Mail oder einfach \u00fcber unser Kontaktformular zur Verf\u00fcgung.<\/p>\n\n\n\n<p>Haben Sie ein Projekt? Unser technisches Verkaufsteam steht Ihnen w\u00e4hrend des gesamten Prozesses zur Seite. Z\u00f6gern Sie nicht, f\u00fcr weitere Informationen anzufragen.<\/p>\n","protected":false},"excerpt":{"rendered":"<p>Haben Sie eine Frage? Wir stehen Ihnen telefonisch, per E-Mail oder einfach \u00fcber unser Kontaktformular zur Verf\u00fcgung. Haben Sie ein Projekt? Unser technisches Verkaufsteam steht Ihnen w\u00e4hrend des gesamten Prozesses zur Seite. Z\u00f6gern Sie nicht, f\u00fcr weitere Informationen anzufragen.<\/p>\n","protected":false},"author":1,"featured_media":0,"parent":0,"menu_order":0,"comment_status":"closed","ping_status":"closed","template":"","meta":[],"tags":[],"acf":[],"_links":{"self":[{"href":"https:\/\/smi-drulingen.fr\/de\/wp-json\/wp\/v2\/pages\/610"}],"collection":[{"href":"https:\/\/smi-drulingen.fr\/de\/wp-json\/wp\/v2\/pages"}],"about":[{"href":"https:\/\/smi-drulingen.fr\/de\/wp-json\/wp\/v2\/types\/page"}],"author":[{"embeddable":true,"href":"https:\/\/smi-drulingen.fr\/de\/wp-json\/wp\/v2\/users\/1"}],"replies":[{"embeddable":true,"href":"https:\/\/smi-drulingen.fr\/de\/wp-json\/wp\/v2\/comments?post=610"}],"version-history":[{"count":6,"href":"https:\/\/smi-drulingen.fr\/de\/wp-json\/wp\/v2\/pages\/610\/revisions"}],"predecessor-version":[{"id":1137,"href":"https:\/\/smi-drulingen.fr\/de\/wp-json\/wp\/v2\/pages\/610\/revisions\/1137"}],"wp:attachment":[{"href":"https:\/\/smi-drulingen.fr\/de\/wp-json\/wp\/v2\/media?parent=610"}],"wp:term":[{"taxonomy":"post_tag","embeddable":true,"href":"https:\/\/smi-drulingen.fr\/de\/wp-json\/wp\/v2\/tags?post=610"}],"curies":[{"name":"wp","href":"https:\/\/api.w.org\/{rel}","templated":true}]}}