{"id":594,"date":"2020-05-25T22:51:07","date_gmt":"2020-05-25T20:51:07","guid":{"rendered":"https:\/\/smi-drulingen.fr\/?page_id=594"},"modified":"2023-04-02T13:52:20","modified_gmt":"2023-04-02T11:52:20","slug":"zertifizierungen-und-qualifikationen","status":"publish","type":"page","link":"https:\/\/smi-drulingen.fr\/de\/zertifizierungen-und-qualifikationen\/","title":{"rendered":"Zertifizierungen und Qualifikationen"},"content":{"rendered":"\n<p>SMI Drulingen verf\u00fcgt \u00fcber die richtigen Qualifikationen und Zertifizierungen, um den unterschiedlichen Bed\u00fcrfnissen unserer Kunden gerecht zu werden, sowohl in organisatorischer als auch in menschlicher Hinsicht.<\/p>\n","protected":false},"excerpt":{"rendered":"<p>SMI Drulingen verf\u00fcgt \u00fcber die richtigen Qualifikationen und Zertifizierungen, um den unterschiedlichen Bed\u00fcrfnissen unserer Kunden gerecht zu werden, sowohl in organisatorischer als auch in menschlicher Hinsicht.<\/p>\n","protected":false},"author":1,"featured_media":0,"parent":0,"menu_order":0,"comment_status":"closed","ping_status":"closed","template":"","meta":[],"tags":[],"acf":[],"_links":{"self":[{"href":"https:\/\/smi-drulingen.fr\/de\/wp-json\/wp\/v2\/pages\/594"}],"collection":[{"href":"https:\/\/smi-drulingen.fr\/de\/wp-json\/wp\/v2\/pages"}],"about":[{"href":"https:\/\/smi-drulingen.fr\/de\/wp-json\/wp\/v2\/types\/page"}],"author":[{"embeddable":true,"href":"https:\/\/smi-drulingen.fr\/de\/wp-json\/wp\/v2\/users\/1"}],"replies":[{"embeddable":true,"href":"https:\/\/smi-drulingen.fr\/de\/wp-json\/wp\/v2\/comments?post=594"}],"version-history":[{"count":8,"href":"https:\/\/smi-drulingen.fr\/de\/wp-json\/wp\/v2\/pages\/594\/revisions"}],"predecessor-version":[{"id":1382,"href":"https:\/\/smi-drulingen.fr\/de\/wp-json\/wp\/v2\/pages\/594\/revisions\/1382"}],"wp:attachment":[{"href":"https:\/\/smi-drulingen.fr\/de\/wp-json\/wp\/v2\/media?parent=594"}],"wp:term":[{"taxonomy":"post_tag","embeddable":true,"href":"https:\/\/smi-drulingen.fr\/de\/wp-json\/wp\/v2\/tags?post=594"}],"curies":[{"name":"wp","href":"https:\/\/api.w.org\/{rel}","templated":true}]}}